{"id":32,"date":"2020-01-02T10:37:43","date_gmt":"2020-01-02T10:37:43","guid":{"rendered":"http:\/\/nftc.se\/wordpress\/wordpress\/?page_id=32"},"modified":"2026-03-02T13:59:36","modified_gmt":"2026-03-02T13:59:36","slug":"behorighet-sok-har","status":"publish","type":"page","link":"https:\/\/nftc.se\/en\/behorighet-sok-har\/","title":{"rendered":"Eligibility Search here"},"content":{"rendered":"<div data-elementor-type=\"wp-page\" data-elementor-id=\"32\" class=\"elementor elementor-32\" data-elementor-post-type=\"page\">\n\t\t\t\t\t\t<section class=\"elementor-section elementor-top-section elementor-element elementor-element-05ad1f8 elementor-section-boxed elementor-section-height-default elementor-section-height-default\" data-id=\"05ad1f8\" data-element_type=\"section\" data-e-type=\"section\">\n\t\t\t\t\t\t<div class=\"elementor-container elementor-column-gap-default\">\n\t\t\t\t\t<div class=\"elementor-column elementor-col-100 elementor-top-column elementor-element elementor-element-cc011f1\" data-id=\"cc011f1\" data-element_type=\"column\" data-e-type=\"column\">\n\t\t\t<div class=\"elementor-widget-wrap elementor-element-populated\">\n\t\t\t\t\t\t<div class=\"elementor-element elementor-element-286f29c elementor-widget elementor-widget-heading\" data-id=\"286f29c\" data-element_type=\"widget\" data-e-type=\"widget\" data-widget_type=\"heading.default\">\n\t\t\t\t<div class=\"elementor-widget-container\">\n\t\t\t\t\t<h1 class=\"elementor-heading-title elementor-size-default\">Eligibility \/ Apply here<\/h1>\t\t\t\t<\/div>\n\t\t\t\t<\/div>\n\t\t\t\t\t<\/div>\n\t\t<\/div>\n\t\t\t\t\t<\/div>\n\t\t<\/section>\n\t\t\t\t<section class=\"elementor-section elementor-top-section elementor-element elementor-element-d25b233 elementor-section-boxed elementor-section-height-default elementor-section-height-default\" data-id=\"d25b233\" data-element_type=\"section\" data-e-type=\"section\">\n\t\t\t\t\t\t<div class=\"elementor-container elementor-column-gap-default\">\n\t\t\t\t\t<div class=\"elementor-column elementor-col-100 elementor-top-column elementor-element elementor-element-addcc1f\" data-id=\"addcc1f\" data-element_type=\"column\" data-e-type=\"column\">\n\t\t\t<div class=\"elementor-widget-wrap elementor-element-populated\">\n\t\t\t\t\t\t<div class=\"elementor-element elementor-element-8eca397 elementor-button-info elementor-align-center elementor-widget__width-initial elementor-widget elementor-widget-button\" data-id=\"8eca397\" data-element_type=\"widget\" data-e-type=\"widget\" data-widget_type=\"button.default\">\n\t\t\t\t<div class=\"elementor-widget-container\">\n\t\t\t\t\t\t\t\t\t<div class=\"elementor-button-wrapper\">\n\t\t\t\t\t<a class=\"elementor-button elementor-button-link elementor-size-sm elementor-animation-pulse\" href=\"https:\/\/apply.yh-antagning.se\/to\/luleavux\/ht2026\/9\">\n\t\t\t\t\t\t<span class=\"elementor-button-content-wrapper\">\n\t\t\t\t\t\t<span class=\"elementor-button-icon\">\n\t\t\t\t<i aria-hidden=\"true\" class=\"far fa-hand-pointer\"><\/i>\t\t\t<\/span>\n\t\t\t\t\t\t\t\t\t<span class=\"elementor-button-text\">Ans\u00f6k h\u00e4r!<\/span>\n\t\t\t\t\t<\/span>\n\t\t\t\t\t<\/a>\n\t\t\t\t<\/div>\n\t\t\t\t\t\t\t\t<\/div>\n\t\t\t\t<\/div>\n\t\t\t\t\t<\/div>\n\t\t<\/div>\n\t\t\t\t\t<\/div>\n\t\t<\/section>\n\t\t\t\t<section class=\"elementor-section elementor-top-section elementor-element elementor-element-6a3d58e elementor-section-boxed elementor-section-height-default elementor-section-height-default\" data-id=\"6a3d58e\" data-element_type=\"section\" data-e-type=\"section\">\n\t\t\t\t\t\t<div class=\"elementor-container elementor-column-gap-default\">\n\t\t\t\t\t<div class=\"elementor-column elementor-col-100 elementor-top-column elementor-element elementor-element-705addc\" data-id=\"705addc\" data-element_type=\"column\" data-e-type=\"column\">\n\t\t\t<div class=\"elementor-widget-wrap elementor-element-populated\">\n\t\t\t\t\t\t<section class=\"elementor-section elementor-inner-section elementor-element elementor-element-2b1c2e6 elementor-section-boxed elementor-section-height-default elementor-section-height-default\" data-id=\"2b1c2e6\" data-element_type=\"section\" data-e-type=\"section\">\n\t\t\t\t\t\t<div class=\"elementor-container elementor-column-gap-default\">\n\t\t\t\t\t<div class=\"elementor-column elementor-col-50 elementor-inner-column elementor-element elementor-element-df284b0\" data-id=\"df284b0\" data-element_type=\"column\" data-e-type=\"column\">\n\t\t\t<div class=\"elementor-widget-wrap elementor-element-populated\">\n\t\t\t\t\t\t<div class=\"elementor-element elementor-element-abfe34b elementor-widget elementor-widget-text-editor\" data-id=\"abfe34b\" data-element_type=\"widget\" data-e-type=\"widget\" data-settings=\"{&quot;_animation&quot;:&quot;none&quot;}\" data-widget_type=\"text-editor.default\">\n\t\t\t\t<div class=\"elementor-widget-container\">\n\t\t\t\t\t\t\t\t\t<p><strong>F\u00f6r att s\u00f6ka in till flygtekniker beh\u00f6vs f\u00f6rutom grundl\u00e4ggande gymnasiekompetens minst godk\u00e4nt betyg enligt:<\/strong><\/p><p>GY25:<\/p><ul><li>Engelska niv\u00e5 2a, 100 po\u00e4ng<\/li><li>Matematik niv\u00e5 2a, 100 po\u00e4ng<\/li><li>Fysik, niv\u00e5 1a1, 100 po\u00e4ng\/alternativt Naturkunskap 1b, 100 po\u00e4ng\/alternativt Naturkunskap niv\u00e5 1a1 50 po\u00e4ng tillsammans med minst 50 po\u00e4ng totalt i kurser teknik, el, installation, automation, industriteknik samt fordsonsteknik.<\/li><\/ul><p>GY11:<\/p><ul><li>Engelska kurs 6<\/li><li>Matematik kurs 2a<\/li><li>Fysik 1b1 eller 1a \/ alternativt Naturkunskap 1b \/ alternativt Naturkunskap 1a1 tillsammans med minst 50 gymnasiepo\u00e4ng totalt i kurser inom \u00e4mnen som Teknik, El, Installation, Automation, Industriteknik samt Fordonsteknik.<\/li><li>S\u00f6kande beh\u00f6ver \u00e4ven beh\u00e4rska svenska spr\u00e5ket v\u00e4l.<\/li><\/ul><p>If you are missing a course but can show grades that show that you can still complete the education (for example, very good high school grades), you may be admitted. In some cases, we may also admit applicants who can somehow demonstrate other equivalent knowledge.<\/p>\t\t\t\t\t\t\t\t<\/div>\n\t\t\t\t<\/div>\n\t\t\t\t\t<\/div>\n\t\t<\/div>\n\t\t\t\t<div class=\"elementor-column elementor-col-50 elementor-inner-column elementor-element elementor-element-6ddbc03\" data-id=\"6ddbc03\" data-element_type=\"column\" data-e-type=\"column\">\n\t\t\t<div class=\"elementor-widget-wrap elementor-element-populated\">\n\t\t\t\t\t\t<div class=\"elementor-element elementor-element-9f2aa0b elementor-widget elementor-widget-image\" data-id=\"9f2aa0b\" data-element_type=\"widget\" data-e-type=\"widget\" data-settings=\"{&quot;_animation&quot;:&quot;none&quot;,&quot;_animation_delay&quot;:300}\" data-widget_type=\"image.default\">\n\t\t\t\t<div class=\"elementor-widget-container\">\n\t\t\t\t\t\t\t\t\t\t\t\t\t\t\t<img fetchpriority=\"high\" decoding=\"async\" width=\"600\" height=\"400\" src=\"https:\/\/nftc.se\/wp-content\/uploads\/ansokan2.jpg\" class=\"attachment-large size-large wp-image-1327\" alt=\"\" srcset=\"https:\/\/nftc.se\/wp-content\/uploads\/ansokan2.jpg 600w, https:\/\/nftc.se\/wp-content\/uploads\/ansokan2-300x200.jpg 300w\" sizes=\"(max-width: 600px) 100vw, 600px\" \/>\t\t\t\t\t\t\t\t\t\t\t\t\t\t\t<\/div>\n\t\t\t\t<\/div>\n\t\t\t\t\t<\/div>\n\t\t<\/div>\n\t\t\t\t\t<\/div>\n\t\t<\/section>\n\t\t\t\t<section class=\"elementor-section elementor-inner-section elementor-element elementor-element-89791dd elementor-section-boxed elementor-section-height-default elementor-section-height-default\" data-id=\"89791dd\" data-element_type=\"section\" data-e-type=\"section\">\n\t\t\t\t\t\t<div class=\"elementor-container elementor-column-gap-default\">\n\t\t\t\t\t<div class=\"elementor-column elementor-col-50 elementor-inner-column elementor-element elementor-element-62466c9\" data-id=\"62466c9\" data-element_type=\"column\" data-e-type=\"column\">\n\t\t\t<div class=\"elementor-widget-wrap elementor-element-populated\">\n\t\t\t\t\t\t<div class=\"elementor-element elementor-element-0d5ccc5 elementor-widget elementor-widget-image\" data-id=\"0d5ccc5\" data-element_type=\"widget\" data-e-type=\"widget\" data-settings=\"{&quot;_animation&quot;:&quot;none&quot;}\" data-widget_type=\"image.default\">\n\t\t\t\t<div class=\"elementor-widget-container\">\n\t\t\t\t\t\t\t\t\t\t\t\t\t\t\t<img decoding=\"async\" width=\"600\" height=\"400\" src=\"https:\/\/nftc.se\/wp-content\/uploads\/ansokan1.jpg\" class=\"attachment-large size-large wp-image-1326\" alt=\"\" srcset=\"https:\/\/nftc.se\/wp-content\/uploads\/ansokan1.jpg 600w, https:\/\/nftc.se\/wp-content\/uploads\/ansokan1-300x200.jpg 300w\" sizes=\"(max-width: 600px) 100vw, 600px\" \/>\t\t\t\t\t\t\t\t\t\t\t\t\t\t\t<\/div>\n\t\t\t\t<\/div>\n\t\t\t\t\t<\/div>\n\t\t<\/div>\n\t\t\t\t<div class=\"elementor-column elementor-col-50 elementor-inner-column elementor-element elementor-element-69a3208\" data-id=\"69a3208\" data-element_type=\"column\" data-e-type=\"column\">\n\t\t\t<div class=\"elementor-widget-wrap elementor-element-populated\">\n\t\t\t\t\t\t<div class=\"elementor-element elementor-element-459d214 elementor-widget elementor-widget-text-editor\" data-id=\"459d214\" data-element_type=\"widget\" data-e-type=\"widget\" data-settings=\"{&quot;_animation&quot;:&quot;none&quot;}\" data-widget_type=\"text-editor.default\">\n\t\t\t\t<div class=\"elementor-widget-container\">\n\t\t\t\t\t\t\t\t\t<p class=\"p1\"><span class=\"s1\">Read more about <a href=\"https:\/\/nftc.se\/wp-content\/uploads\/NFTC_Behorighet-1.pdf\" target=\"_blank\" rel=\"noopener\">Eligibility requirements<\/a><\/span><\/p><p class=\"p3\"><span class=\"s1\">The education is suitable for those who are interested in technology and who want a job that is both practical and theoretical. You should also like order and taking responsibility, because as an aircraft engineer you will work with many different systems with a focus on safety.<\/span><\/p><p class=\"p1\"><span class=\"s1\">To study to become an aircraft engineer, you should enjoy studying because half of the training time is theoretical, with most of the material in English. The second part of the training is located in the hangar, where you get to work practically with different systems.\u00a0<\/span><\/p>\t\t\t\t\t\t\t\t<\/div>\n\t\t\t\t<\/div>\n\t\t\t\t\t<\/div>\n\t\t<\/div>\n\t\t\t\t\t<\/div>\n\t\t<\/section>\n\t\t\t\t\t<\/div>\n\t\t<\/div>\n\t\t\t\t\t<\/div>\n\t\t<\/section>\n\t\t\t\t<section class=\"elementor-section elementor-top-section elementor-element elementor-element-c3939ae elementor-section-boxed elementor-section-height-default elementor-section-height-default\" data-id=\"c3939ae\" data-element_type=\"section\" data-e-type=\"section\" data-settings=\"{&quot;animation&quot;:&quot;none&quot;}\">\n\t\t\t\t\t\t<div class=\"elementor-container elementor-column-gap-default\">\n\t\t\t\t\t<div class=\"elementor-column elementor-col-100 elementor-top-column elementor-element elementor-element-c711272\" data-id=\"c711272\" data-element_type=\"column\" data-e-type=\"column\">\n\t\t\t<div class=\"elementor-widget-wrap elementor-element-populated\">\n\t\t\t\t\t\t<div class=\"elementor-element elementor-element-eec9cfd elementor-widget elementor-widget-text-editor\" data-id=\"eec9cfd\" data-element_type=\"widget\" data-e-type=\"widget\" data-settings=\"{&quot;_animation&quot;:&quot;none&quot;}\" data-widget_type=\"text-editor.default\">\n\t\t\t\t<div class=\"elementor-widget-container\">\n\t\t\t\t\t\t\t\t\t<p class=\"p1\"><span class=\"s1\"><b>Questions about admission, grades or other matters <\/b><\/span><b>skicka ett\u00a0mejl till:<\/b><\/p><p class=\"p1\"><b>yh@lulea.se<\/b><\/p>\t\t\t\t\t\t\t\t<\/div>\n\t\t\t\t<\/div>\n\t\t\t\t\t<\/div>\n\t\t<\/div>\n\t\t\t\t\t<\/div>\n\t\t<\/section>\n\t\t\t\t<\/div>","protected":false},"excerpt":{"rendered":"<p>Beh\u00f6righet \/ S\u00f6k h\u00e4r Ans\u00f6k h\u00e4r! F\u00f6r att s\u00f6ka in till flygtekniker beh\u00f6vs f\u00f6rutom grundl\u00e4ggande gymnasiekompetens minst godk\u00e4nt betyg enligt: GY25: Engelska niv\u00e5 2a, 100 po\u00e4ng Matematik niv\u00e5 2a, 100 po\u00e4ng Fysik, niv\u00e5 1a1, 100 po\u00e4ng\/alternativt Naturkunskap 1b, 100 po\u00e4ng\/alternativt Naturkunskap niv\u00e5 1a1 50 po\u00e4ng tillsammans med minst 50 po\u00e4ng totalt i kurser teknik, el, [&hellip;]<\/p>","protected":false},"author":4,"featured_media":0,"parent":0,"menu_order":0,"comment_status":"closed","ping_status":"closed","template":"elementor_header_footer","meta":{"footnotes":""},"class_list":["post-32","page","type-page","status-publish","hentry"],"_links":{"self":[{"href":"https:\/\/nftc.se\/en\/wp-json\/wp\/v2\/pages\/32","targetHints":{"allow":["GET"]}}],"collection":[{"href":"https:\/\/nftc.se\/en\/wp-json\/wp\/v2\/pages"}],"about":[{"href":"https:\/\/nftc.se\/en\/wp-json\/wp\/v2\/types\/page"}],"author":[{"embeddable":true,"href":"https:\/\/nftc.se\/en\/wp-json\/wp\/v2\/users\/4"}],"replies":[{"embeddable":true,"href":"https:\/\/nftc.se\/en\/wp-json\/wp\/v2\/comments?post=32"}],"version-history":[{"count":297,"href":"https:\/\/nftc.se\/en\/wp-json\/wp\/v2\/pages\/32\/revisions"}],"predecessor-version":[{"id":3730,"href":"https:\/\/nftc.se\/en\/wp-json\/wp\/v2\/pages\/32\/revisions\/3730"}],"wp:attachment":[{"href":"https:\/\/nftc.se\/en\/wp-json\/wp\/v2\/media?parent=32"}],"curies":[{"name":"wp","href":"https:\/\/api.w.org\/{rel}","templated":true}]}}