{"id":3561,"date":"2025-10-21T12:46:27","date_gmt":"2025-10-21T12:46:27","guid":{"rendered":"https:\/\/nftc.se\/?page_id=3561"},"modified":"2026-01-28T17:38:29","modified_gmt":"2026-01-28T17:38:29","slug":"kontakt-2","status":"publish","type":"page","link":"https:\/\/nftc.se\/en\/kontakt-2\/","title":{"rendered":"Kontaktformul\u00e4r"},"content":{"rendered":"<div data-elementor-type=\"wp-page\" data-elementor-id=\"3561\" class=\"elementor elementor-3561\" data-elementor-post-type=\"page\">\n\t\t\t\t\t\t<section class=\"elementor-section elementor-top-section elementor-element elementor-element-160ed55 elementor-section-full_width elementor-section-height-default elementor-section-height-default\" data-id=\"160ed55\" data-element_type=\"section\" data-e-type=\"section\">\n\t\t\t\t\t\t<div class=\"elementor-container elementor-column-gap-default\">\n\t\t\t\t\t<div class=\"elementor-column elementor-col-100 elementor-top-column elementor-element elementor-element-2c547f2\" data-id=\"2c547f2\" data-element_type=\"column\" data-e-type=\"column\">\n\t\t\t<div class=\"elementor-widget-wrap elementor-element-populated\">\n\t\t\t\t\t\t<div class=\"elementor-element elementor-element-abbfcfc elementor-widget__width-initial elementor-widget elementor-widget-image\" data-id=\"abbfcfc\" data-element_type=\"widget\" data-e-type=\"widget\" data-widget_type=\"image.default\">\n\t\t\t\t<div class=\"elementor-widget-container\">\n\t\t\t\t\t\t\t\t\t\t\t\t\t\t\t<img fetchpriority=\"high\" decoding=\"async\" width=\"800\" height=\"388\" src=\"https:\/\/nftc.se\/wp-content\/uploads\/heroKontakt-1024x497.jpg\" class=\"attachment-large size-large wp-image-1778\" alt=\"\" srcset=\"https:\/\/nftc.se\/wp-content\/uploads\/heroKontakt-1024x497.jpg 1024w, https:\/\/nftc.se\/wp-content\/uploads\/heroKontakt-300x146.jpg 300w, https:\/\/nftc.se\/wp-content\/uploads\/heroKontakt-768x373.jpg 768w, https:\/\/nftc.se\/wp-content\/uploads\/heroKontakt-1536x746.jpg 1536w, https:\/\/nftc.se\/wp-content\/uploads\/heroKontakt.jpg 1600w\" sizes=\"(max-width: 800px) 100vw, 800px\" \/>\t\t\t\t\t\t\t\t\t\t\t\t\t\t\t<\/div>\n\t\t\t\t<\/div>\n\t\t\t\t\t<\/div>\n\t\t<\/div>\n\t\t\t\t\t<\/div>\n\t\t<\/section>\n\t\t\t\t<section class=\"elementor-section elementor-top-section elementor-element elementor-element-c67d6f9 elementor-section-boxed elementor-section-height-default elementor-section-height-default\" data-id=\"c67d6f9\" data-element_type=\"section\" data-e-type=\"section\">\n\t\t\t\t\t\t<div class=\"elementor-container elementor-column-gap-default\">\n\t\t\t\t\t<div class=\"elementor-column elementor-col-50 elementor-top-column elementor-element elementor-element-a52a31c\" data-id=\"a52a31c\" data-element_type=\"column\" data-e-type=\"column\">\n\t\t\t<div class=\"elementor-widget-wrap elementor-element-populated\">\n\t\t\t\t\t\t<div class=\"elementor-element elementor-element-5c3b261 elementor-widget__width-initial elementor-widget elementor-widget-text-editor\" data-id=\"5c3b261\" data-element_type=\"widget\" data-e-type=\"widget\" data-widget_type=\"text-editor.default\">\n\t\t\t\t<div class=\"elementor-widget-container\">\n\t\t\t\t\t\t\t\t\t<p><span style=\"color: #000000;\">Our adapted training facilities are just 10 minutes from <a style=\"color: #000000;\" href=\"https:\/\/www.lulea.se\/\" target=\"_blank\" rel=\"noopener\">Lule\u00e5 city center<\/a>, next to <a style=\"color: #000000;\" href=\"https:\/\/www.swedavia.se\/lulea\" target=\"_blank\" rel=\"noopener\">Lulea Airport<\/a> and neighbor with <a style=\"color: #000000;\" href=\"https:\/\/www.forsvarsmakten.se\/sv\/organisation\/norrbottens-flygflottilj-f-21\/\" target=\"_blank\" rel=\"noopener\">Norrbotten Air Flotilla (F21)<\/a>\u00a0and one of the Helicopter Flotilla&#039;s squadrons.<\/span><\/p><p><span style=\"color: #000000;\">The education follows the University of Applied Sciences regulations and the European aviation regulations according to EASA (European Aviation Safety Agency), which means that after the education you are authorized to work throughout Europe. We collaborate with a number of different airlines throughout the country where our students receive parts of their practical training. Through collaboration with other education programs in Sweden, there is the opportunity to graduate towards aviation. Great importance is also placed on qualified continuing education for the staff as well as international contacts and exchanges.<\/span><\/p>\t\t\t\t\t\t\t\t<\/div>\n\t\t\t\t<\/div>\n\t\t\t\t\t<\/div>\n\t\t<\/div>\n\t\t\t\t<div class=\"elementor-column elementor-col-50 elementor-top-column elementor-element elementor-element-40f8d22\" data-id=\"40f8d22\" data-element_type=\"column\" data-e-type=\"column\">\n\t\t\t<div class=\"elementor-widget-wrap elementor-element-populated\">\n\t\t\t\t\t\t<div class=\"elementor-element elementor-element-ff2ee82 elementor-widget__width-initial elementor-widget elementor-widget-text-editor\" data-id=\"ff2ee82\" data-element_type=\"widget\" data-e-type=\"widget\" data-widget_type=\"text-editor.default\">\n\t\t\t\t<div class=\"elementor-widget-container\">\n\t\t\t\t\t\t\t\t\t<p class=\"p1\"><span style=\"color: #ffffff;\"><strong><span class=\"s1\">Kontakt: Nordiskt FlygTeknikCentrum<\/span><\/strong><\/span><\/p><p class=\"p1\"><span style=\"color: #ffffff;\"><span class=\"s1\">Luftfartsv\u00e4gen 11<br \/><\/span><span class=\"s1\">972 54 Lule\u00e5<\/span><span class=\"s1\"><br \/><\/span><span class=\"s1\">E-mail: <b>yh@lulea.se<\/b><\/span><\/span><\/p><p class=\"p1\"><span class=\"s1\" style=\"color: #ffffff;\">SE.147.0004<\/span><\/p>\t\t\t\t\t\t\t\t<\/div>\n\t\t\t\t<\/div>\n\t\t\t\t<div class=\"elementor-element elementor-element-6d99ed3 elementor-widget elementor-widget-text-editor\" data-id=\"6d99ed3\" data-element_type=\"widget\" data-e-type=\"widget\" data-widget_type=\"text-editor.default\">\n\t\t\t\t<div class=\"elementor-widget-container\">\n\t\t\t\t\t\t\t\t\t<p><span class=\"s1\" style=\"color: #000000;\">Nordic Aviation Technology Centre is a qualified university of applied sciences that educates aviation engineers with a focus on helicopters. We follow European aviation regulations and give our students a foundation for an exciting future in the international aviation industry.<\/span><\/p><p><span style=\"color: #000000;\">Har du fr\u00e5gor eller vill komma i kontakt med oss? Fyll g\u00e4rna i formul\u00e4ret!<\/span><\/p>\t\t\t\t\t\t\t\t<\/div>\n\t\t\t\t<\/div>\n\t\t\t\t<div class=\"elementor-element elementor-element-16d79c2 elementor-widget__width-initial elementor-widget elementor-widget-wpforms\" data-id=\"16d79c2\" data-element_type=\"widget\" data-e-type=\"widget\" data-widget_type=\"wpforms.default\">\n\t\t\t\t<div class=\"elementor-widget-container\">\n\t\t\t\t\t<style id=\"wpforms-css-vars-root\">\n\t\t\t\t:root {\n\t\t\t\t\t--wpforms-field-border-radius: 3px;\n--wpforms-field-border-style: solid;\n--wpforms-field-border-size: 1px;\n--wpforms-field-background-color: #ffffff;\n--wpforms-field-border-color: rgba( 0, 0, 0, 0.25 );\n--wpforms-field-border-color-spare: rgba( 0, 0, 0, 0.25 );\n--wpforms-field-text-color: rgba( 0, 0, 0, 0.7 );\n--wpforms-field-menu-color: #ffffff;\n--wpforms-label-color: rgba( 0, 0, 0, 0.85 );\n--wpforms-label-sublabel-color: rgba( 0, 0, 0, 0.55 );\n--wpforms-label-error-color: #d63637;\n--wpforms-button-border-radius: 3px;\n--wpforms-button-border-style: none;\n--wpforms-button-border-size: 1px;\n--wpforms-button-background-color: #066aab;\n--wpforms-button-border-color: #066aab;\n--wpforms-button-text-color: #ffffff;\n--wpforms-page-break-color: #066aab;\n--wpforms-background-image: none;\n--wpforms-background-position: center center;\n--wpforms-background-repeat: no-repeat;\n--wpforms-background-size: cover;\n--wpforms-background-width: 100px;\n--wpforms-background-height: 100px;\n--wpforms-background-color: rgba( 0, 0, 0, 0 );\n--wpforms-background-url: none;\n--wpforms-container-padding: 0px;\n--wpforms-container-border-style: none;\n--wpforms-container-border-width: 1px;\n--wpforms-container-border-color: #000000;\n--wpforms-container-border-radius: 3px;\n--wpforms-field-size-input-height: 43px;\n--wpforms-field-size-input-spacing: 15px;\n--wpforms-field-size-font-size: 16px;\n--wpforms-field-size-line-height: 19px;\n--wpforms-field-size-padding-h: 14px;\n--wpforms-field-size-checkbox-size: 16px;\n--wpforms-field-size-sublabel-spacing: 5px;\n--wpforms-field-size-icon-size: 1;\n--wpforms-label-size-font-size: 16px;\n--wpforms-label-size-line-height: 19px;\n--wpforms-label-size-sublabel-font-size: 14px;\n--wpforms-label-size-sublabel-line-height: 17px;\n--wpforms-button-size-font-size: 17px;\n--wpforms-button-size-height: 41px;\n--wpforms-button-size-padding-h: 15px;\n--wpforms-button-size-margin-top: 10px;\n--wpforms-container-shadow-size-box-shadow: none;\n\n\t\t\t\t}\n\t\t\t<\/style><style id=\"wpforms-css-vars-elementor-widget-16d79c2\">\n\t\t\t\t.elementor-widget-wpforms.elementor-element-16d79c2 {\n\t\t\t\t\t--wpforms-field-size-input-height: 43px;\n--wpforms-field-size-input-spacing: 15px;\n--wpforms-field-size-font-size: 16px;\n--wpforms-field-size-line-height: 19px;\n--wpforms-field-size-padding-h: 14px;\n--wpforms-field-size-checkbox-size: 16px;\n--wpforms-field-size-sublabel-spacing: 5px;\n--wpforms-field-size-icon-size: 1;\n--wpforms-label-size-font-size: 16px;\n--wpforms-label-size-line-height: 19px;\n--wpforms-label-size-sublabel-font-size: 14px;\n--wpforms-label-size-sublabel-line-height: 17px;\n--wpforms-button-size-font-size: 17px;\n--wpforms-button-size-height: 41px;\n--wpforms-button-size-padding-h: 15px;\n--wpforms-button-size-margin-top: 10px;\n\n\t\t\t\t}\n\t\t\t<\/style><div class=\"wpforms-container wpforms-container-full wpforms-render-modern\" id=\"wpforms-3562\"><form id=\"wpforms-form-3562\" class=\"wpforms-validate wpforms-form wpforms-ajax-form\" data-formid=\"3562\" method=\"post\" enctype=\"multipart\/form-data\" action=\"\/en\/wp-json\/wp\/v2\/pages\/3561\" data-token=\"aacc3d6200779ca2fe087829849c9bbe\" data-token-time=\"1775407804\" data-trp-original-action=\"\/en\/wp-json\/wp\/v2\/pages\/3561\"><noscript class=\"wpforms-error-noscript\">Please enable JavaScript in your browser to complete this form.<\/noscript><div class=\"wpforms-hidden\" id=\"wpforms-error-noscript\">Please enable JavaScript in your browser to complete this form.<\/div><div class=\"wpforms-field-container\"><div id=\"wpforms-3562-field_1-container\" class=\"wpforms-field wpforms-field-name\" data-field-id=\"1\"><label class=\"wpforms-field-label\" for=\"wpforms-3562-field_1\">Name <span class=\"wpforms-required-label\" aria-hidden=\"true\">*<\/span><\/label><input type=\"text\" id=\"wpforms-3562-field_1\" class=\"wpforms-field-medium wpforms-field-required\" name=\"wpforms[fields][1]\" aria-errormessage=\"wpforms-3562-field_1-error\" required><\/div><div id=\"wpforms-3562-field_2-container\" class=\"wpforms-field wpforms-field-email\" data-field-id=\"2\"><label class=\"wpforms-field-label\" for=\"wpforms-3562-field_2\">E-mail <span class=\"wpforms-required-label\" aria-hidden=\"true\">*<\/span><\/label><input type=\"email\" id=\"wpforms-3562-field_2\" class=\"wpforms-field-medium wpforms-field-required\" name=\"wpforms[fields][2]\" spellcheck=\"false\" aria-errormessage=\"wpforms-3562-field_2-error\" required><\/div><div id=\"wpforms-3562-field_4-container\" class=\"wpforms-field wpforms-field-number\" data-field-id=\"4\"><label class=\"wpforms-field-label\" for=\"wpforms-3562-field_4\">Phone<\/label><input type=\"number\" id=\"wpforms-3562-field_4\" class=\"wpforms-field-medium\" name=\"wpforms[fields][4]\" aria-errormessage=\"wpforms-3562-field_4-error\" ><\/div><div id=\"wpforms-3562-field_3-container\" class=\"wpforms-field wpforms-field-textarea\" data-field-id=\"3\"><label class=\"wpforms-field-label\" for=\"wpforms-3562-field_3\">Kommentar eller meddelande<\/label><textarea id=\"wpforms-3562-field_3\" class=\"wpforms-field-medium\" name=\"wpforms[fields][3]\" aria-errormessage=\"wpforms-3562-field_3-error\" ><\/textarea><\/div><\/div><!-- .wpforms-field-container --><div class=\"wpforms-submit-container\" ><input type=\"hidden\" name=\"wpforms[id]\" value=\"3562\"><input type=\"hidden\" name=\"page_title\" value=\"\"><input type=\"hidden\" name=\"page_url\" value=\"https:\/\/nftc.se\/en\/wp-json\/wp\/v2\/pages\/3561\"><button type=\"submit\" name=\"wpforms[submit]\" id=\"wpforms-submit-3562\" class=\"wpforms-submit\" data-alt-text=\"Skickar \u2026\" data-submit-text=\"Skicka\" aria-live=\"assertive\" value=\"wpforms-submit\">Send<\/button><img decoding=\"async\" src=\"https:\/\/nftc.se\/wp-content\/plugins\/wpforms-lite\/assets\/images\/submit-spin.svg\" class=\"wpforms-submit-spinner\" style=\"display: none;\" width=\"26\" height=\"26\" alt=\"Loading\"><\/div><input type=\"hidden\" name=\"trp-form-language\" value=\"en\"\/><\/form><\/div>  <!-- .wpforms-container -->\t\t\t\t<\/div>\n\t\t\t\t<\/div>\n\t\t\t\t\t<\/div>\n\t\t<\/div>\n\t\t\t\t\t<\/div>\n\t\t<\/section>\n\t\t\t\t<\/div>","protected":false},"excerpt":{"rendered":"<p>V\u00e5ra anpassade utbildningslokaler ligger bara 10 minuter fr\u00e5n Lule\u00e5 centrum, intill Lule\u00e5 Airport och granne med Norrbottens Flygflottilj (F21)\u00a0och en av Helikopterflottiljens skvadroner. Utbildningen f\u00f6ljer Yrkesh\u00f6gskolebest\u00e4mmelserna samt de Europeiska luftfartsbest\u00e4mmelserna enligt EASA (European Aviation Safety Agency), vilket g\u00f6r att du efter utbildningen har beh\u00f6righet att jobba i hela Europa.Vi samverkar med ett antal olika flygf\u00f6retag [&hellip;]<\/p>","protected":false},"author":9,"featured_media":0,"parent":0,"menu_order":0,"comment_status":"closed","ping_status":"closed","template":"elementor_header_footer","meta":{"footnotes":""},"class_list":["post-3561","page","type-page","status-publish","hentry"],"_links":{"self":[{"href":"https:\/\/nftc.se\/en\/wp-json\/wp\/v2\/pages\/3561","targetHints":{"allow":["GET"]}}],"collection":[{"href":"https:\/\/nftc.se\/en\/wp-json\/wp\/v2\/pages"}],"about":[{"href":"https:\/\/nftc.se\/en\/wp-json\/wp\/v2\/types\/page"}],"author":[{"embeddable":true,"href":"https:\/\/nftc.se\/en\/wp-json\/wp\/v2\/users\/9"}],"replies":[{"embeddable":true,"href":"https:\/\/nftc.se\/en\/wp-json\/wp\/v2\/comments?post=3561"}],"version-history":[{"count":79,"href":"https:\/\/nftc.se\/en\/wp-json\/wp\/v2\/pages\/3561\/revisions"}],"predecessor-version":[{"id":3671,"href":"https:\/\/nftc.se\/en\/wp-json\/wp\/v2\/pages\/3561\/revisions\/3671"}],"wp:attachment":[{"href":"https:\/\/nftc.se\/en\/wp-json\/wp\/v2\/media?parent=3561"}],"curies":[{"name":"wp","href":"https:\/\/api.w.org\/{rel}","templated":true}]}}